{"id":9,"date":"2015-07-03T13:15:11","date_gmt":"2015-07-03T13:15:11","guid":{"rendered":"http:\/\/www.werdemusiker.de\/gitarre-crashkurs\/?page_id=9"},"modified":"2020-02-12T14:47:03","modified_gmt":"2020-02-12T14:47:03","slug":"lektion-1","status":"publish","type":"page","link":"https:\/\/legacy.werdemusiker.de\/gitarre-crashkurs\/","title":{"rendered":"Lektion 1"},"content":{"rendered":"<div style='width: 800px;' class='bcs ced'><p><\/p><\/div><div class='clear'><\/div>\n<h1>Lektion 1<\/h1>\n<h3>Sch\u00f6n, dass du da bist. Viel Spa\u00df mit deiner ersten Lektion :)!<\/h3>\n<h3><\/h3>\n<\/p>\n<p>&nbsp;<\/p>\n<h3><\/h3>\n<h3>Halte auf jeden Fall in den n\u00e4chsten Tagen in deinem Postfach Ausschau nach den n\u00e4chsten Lektionen von mir.<\/h3>\n<h3>\u00dcbrigens: Um sicher zu gehen, dass du alle EMails von mir bekommst, kannst du meine Email Adresse gerne in deinen Kontakten hinzuf\u00fcgen.<\/h3>\n<h3>Ich freue mich wahnsinnig, dass du dabei bist!<\/h3>","protected":false},"excerpt":{"rendered":"<p>Lektion 1Sch\u00f6n, dass du da bist. Viel Spa\u00df mit deiner ersten Lektion :)!&nbsp;Halte auf jeden Fall in den n\u00e4chsten Tagen in deinem Postfach Ausschau nach den n\u00e4chsten Lektionen von mir.\u00dcbrigens: Um sicher zu gehen, dass du alle EMails von mir bekommst, kannst du meine Email Adresse gerne in deinen Kontakten hinzuf\u00fcgen.Ich freue mich wahnsinnig, dass<\/p>\n","protected":false},"author":1,"featured_media":0,"parent":0,"menu_order":0,"comment_status":"open","ping_status":"open","template":"landing-page.php","meta":{"footnotes":""},"_links":{"self":[{"href":"https:\/\/legacy.werdemusiker.de\/gitarre-crashkurs\/wp-json\/wp\/v2\/pages\/9"}],"collection":[{"href":"https:\/\/legacy.werdemusiker.de\/gitarre-crashkurs\/wp-json\/wp\/v2\/pages"}],"about":[{"href":"https:\/\/legacy.werdemusiker.de\/gitarre-crashkurs\/wp-json\/wp\/v2\/types\/page"}],"author":[{"embeddable":true,"href":"https:\/\/legacy.werdemusiker.de\/gitarre-crashkurs\/wp-json\/wp\/v2\/users\/1"}],"replies":[{"embeddable":true,"href":"https:\/\/legacy.werdemusiker.de\/gitarre-crashkurs\/wp-json\/wp\/v2\/comments?post=9"}],"version-history":[{"count":12,"href":"https:\/\/legacy.werdemusiker.de\/gitarre-crashkurs\/wp-json\/wp\/v2\/pages\/9\/revisions"}],"predecessor-version":[{"id":387,"href":"https:\/\/legacy.werdemusiker.de\/gitarre-crashkurs\/wp-json\/wp\/v2\/pages\/9\/revisions\/387"}],"wp:attachment":[{"href":"https:\/\/legacy.werdemusiker.de\/gitarre-crashkurs\/wp-json\/wp\/v2\/media?parent=9"}],"curies":[{"name":"wp","href":"https:\/\/api.w.org\/{rel}","templated":true}]}}