{"id":129,"date":"2016-11-29T13:49:52","date_gmt":"2016-11-29T13:49:52","guid":{"rendered":"http:\/\/www.werdemusiker.de\/gitarre\/?page_id=129"},"modified":"2024-05-02T06:58:24","modified_gmt":"2024-05-02T06:58:24","slug":"produkte","status":"publish","type":"page","link":"https:\/\/legacy.werdemusiker.de\/gitarre\/produkte\/produkte\/","title":{"rendered":"Produkte Bundle"},"content":{"rendered":"<p style=\"padding-top: 0px !important; margin-bottom: 30px !important; margin-top: 0px !important;\"><span><span style=\"font-size: 30px;\">Guitar Komplete<\/span><\/span><span><span style=\"font-size: 30px;\"><\/span><\/span><span style=\"font-size: 14px;\"><\/span><\/p>\n<p style=\"padding-top: 0px !important; margin-bottom: 30px !important; margin-top: 0px !important;\"><span>Der Gitarrenkurs f\u00fcr Anf\u00e4nger von werdemusiker f\u00fcr akustische und elektrische Gitarre<\/span><\/p>\n<p><span><a href=\"https:\/\/legacy.werdemusiker.de\/gitarre\/wp-content\/uploads\/2016\/12\/komplete.png\" target=\"_blank\" rel=\"noopener\" data-tcb-events=\"\"><img decoding=\"async\" alt=\"\" style=\"padding-top: 0px !important; aspect-ratio: auto 500 \/ 500;\" src=\"https:\/\/legacy.werdemusiker.de\/gitarre\/wp-content\/uploads\/2016\/12\/komplete.png\" width=\"434\" height=\"434\" scale=\"0\" data-width=\"434\" data-height=\"434\" data-init-width=\"500\" data-init-height=\"500\" data-id=\"205\" title=\"komplete\" loading=\"lazy\"><\/a><\/span><\/p>\n<p style=\"color: rgb(255, 255, 255); padding-top: 0px !important; margin-bottom: 30px !important; margin-top: 0px !important;\"><span><span style=\"font-size: 30px;\">Soli &amp; Profitechniken Vol.1<\/span><\/span><\/p>\n<p style=\"color: rgb(255, 255, 255); padding-top: 0px !important; margin-bottom: 30px !important; margin-top: 0px !important;\"><span><span style=\"font-size: 18px;\"><\/span><\/span><span style=\"font-size: 18px; color: rgb(255, 255, 255);\">Du bist schon Fortgeschrittener an der Gitarre und m\u00f6chtest noch weiter an deinem Sound arbeiten? Oder hast du einfach Lust auf ein paar coole Soli? Dann solltest du dir auf jeden Fall mal die \u00dcbersichtsseite &nbsp;dieses Kurses ansehen!<\/span><\/p>\n<p><span><a href=\"https:\/\/www.werdemusiker.de\/soli-und-profi-techniken-hp\/\" target=\"_blank\" rel=\"noopener\"><img decoding=\"async\" alt=\"\" style=\"aspect-ratio: auto 400 \/ 398;\" src=\"https:\/\/www.legacy.werdemusiker.de\/gitarre\/wp-content\/uploads\/2021\/06\/WMG-Soli-Crashkurs_3D-fuer-Webseite_2.png\" width=\"492\" height=\"489\" scale=\"0\" data-width=\"492\" data-height=\"489\" data-init-width=\"400\" data-init-height=\"398\" data-id=\"419\" title=\"WMG Soli Crashkurs_3D f\u00fcr Webseite_2\" loading=\"lazy\"><\/a><\/span><\/p>\n<p style=\"padding-top: 0px !important; margin-bottom: 30px !important; margin-top: 0px !important;\"><span><span style=\"font-size: 30px;\">Picking &amp; Strumming<\/span><\/span><\/p>\n<p style=\"padding-top: 0px !important; margin-bottom: 30px !important; margin-top: 0px !important;\"><span>Verbessere dein Gitarrenspiel mit coolen Schlag- und Zupftechniken!<\/span><\/p>\n<p><span><a href=\"https:\/\/www.werdemusiker.de\/picking-und-strumming-angebot-hp\/\" target=\"_blank\" rel=\"noopener\" data-tcb-events=\"\"><img loading=\"lazy\" decoding=\"async\" alt=\"\" style=\"padding-top: 0px !important;\" src=\"https:\/\/www.legacy.werdemusiker.de\/gitarre\/wp-content\/uploads\/2020\/01\/Box-bundle_4-1.png\" width=\"400\" height=\"400\" scale=\"0\" data-id=\"331\" title=\"Box-bundle_4\"><\/a><\/span><\/p>\n","protected":false},"excerpt":{"rendered":"<p>Guitar Komplete Der Gitarrenkurs f\u00fcr Anf\u00e4nger von werdemusiker f\u00fcr akustische und elektrische Gitarre Soli &amp; Profitechniken Vol.1 Du bist schon Fortgeschrittener an der Gitarre und m\u00f6chtest noch weiter an deinem Sound arbeiten? Oder hast du einfach Lust auf ein paar coole Soli? Dann solltest du dir auf jeden Fall mal die \u00dcbersichtsseite &nbsp;dieses Kurses ansehen! [&hellip;]<\/p>\n","protected":false},"author":2,"featured_media":0,"parent":17,"menu_order":0,"comment_status":"closed","ping_status":"closed","template":"","meta":{"jetpack_post_was_ever_published":false,"footnotes":""},"jetpack_sharing_enabled":true,"jetpack_shortlink":"https:\/\/wp.me\/Paeu6y-25","_links":{"self":[{"href":"https:\/\/legacy.werdemusiker.de\/gitarre\/wp-json\/wp\/v2\/pages\/129"}],"collection":[{"href":"https:\/\/legacy.werdemusiker.de\/gitarre\/wp-json\/wp\/v2\/pages"}],"about":[{"href":"https:\/\/legacy.werdemusiker.de\/gitarre\/wp-json\/wp\/v2\/types\/page"}],"author":[{"embeddable":true,"href":"https:\/\/legacy.werdemusiker.de\/gitarre\/wp-json\/wp\/v2\/users\/2"}],"replies":[{"embeddable":true,"href":"https:\/\/legacy.werdemusiker.de\/gitarre\/wp-json\/wp\/v2\/comments?post=129"}],"version-history":[{"count":70,"href":"https:\/\/legacy.werdemusiker.de\/gitarre\/wp-json\/wp\/v2\/pages\/129\/revisions"}],"predecessor-version":[{"id":606,"href":"https:\/\/legacy.werdemusiker.de\/gitarre\/wp-json\/wp\/v2\/pages\/129\/revisions\/606"}],"up":[{"embeddable":true,"href":"https:\/\/legacy.werdemusiker.de\/gitarre\/wp-json\/wp\/v2\/pages\/17"}],"wp:attachment":[{"href":"https:\/\/legacy.werdemusiker.de\/gitarre\/wp-json\/wp\/v2\/media?parent=129"}],"curies":[{"name":"wp","href":"https:\/\/api.w.org\/{rel}","templated":true}]}}