{"id":15,"date":"2016-09-12T12:01:42","date_gmt":"2016-09-12T12:01:42","guid":{"rendered":"http:\/\/www.werdemusiker.de\/gitarre\/?page_id=15"},"modified":"2024-05-10T22:26:40","modified_gmt":"2024-05-10T22:26:40","slug":"kostenloser-crashkurs","status":"publish","type":"page","link":"https:\/\/legacy.werdemusiker.de\/gitarre\/kostenloser-crashkurs\/","title":{"rendered":"Kostenloser Crashkurs"},"content":{"rendered":"<p data-unit=\"px\" style=\"color: rgb(119, 22, 31); line-height: 28px; padding-top: 0px !important; margin-bottom: 10px !important;\"><span style=\"font-size: 30px;\"><span>Vergiss alles, was du je \u00fcber Talent geh\u00f6rt&nbsp;hast. Nachdem du mit diesen Anf\u00e4ngerlektionen&nbsp;ge\u00fcbt&nbsp;hast, wirst du Gitarre spielen k\u00f6nnen!<\/span><\/span><\/p>\n<p style=\"font-size: 14px;\"><span style=\"font-size: 18px;\">Hol dir jetzt \ufeffdeinen\ufeff kostenlosen Anf\u00e4ngerkurs f\u00fcr Gitarre!<\/span><\/p>\n<p><span><img decoding=\"async\" alt=\"\" style=\"aspect-ratio: auto 400 \/ 400;\" src=\"https:\/\/legacy.werdemusiker.de\/gitarre\/wp-content\/uploads\/2016\/12\/Box-kostenlos-2.png\" width=\"429\" height=\"429\" scale=\"0\" data-width=\"429\" data-height=\"429\" data-init-width=\"400\" data-init-height=\"400\" data-id=\"224\" title=\"box-kostenlos-2\" loading=\"lazy\" data-link-wrap=\"true\"><\/span><\/p>\n<p><span style=\"font-size: 14px;\">Mit dem Absenden des Kontaktformulars stimmst du der Verarbeitung deiner Daten durch uns zu. Bitte beachte unsere Datenschutzbestimmungen.<\/span><\/p>\n<p><span style=\"width: 100%;\"><a href=\"https:\/\/legacy.werdemusiker.de\/gitarre\/wp-content\/uploads\/2016\/09\/Hannes-rechts.png\"><img decoding=\"async\" alt=\"\" title=\"hannes-rechts\" data-id=\"38\" src=\"https:\/\/legacy.werdemusiker.de\/gitarre\/wp-content\/uploads\/2016\/09\/Hannes-rechts.png\" style=\"aspect-ratio: auto 1026 \/ 993;\" width=\"157\" height=\"152\" data-width=\"157\" data-height=\"152\" data-init-width=\"1026\" data-init-height=\"993\" loading=\"lazy\" data-link-wrap=\"true\"><\/a><\/span><\/p>\n<h1><span style=\"font-weight: 400; font-family: Palanquin;\"><span>&#8222;<\/span><\/span><\/h1>\n<p style=\"text-align: left;\"><span style=\"font-family: Hind; font-weight: 400;\">Wusstest du, dass mittlerweile schon \u00fcber 20.000 Leute mit diesem Kurs Gitarre spielen lernen?Ich freue mich, wenn auch du heute dazu kommst. Es warten eine Menge gleichgesinnter Personen auf dich und wenn du mal eine Frage hast, schickst du mir einfach eine Mail. (Du kannst auf jede Mail von mir einfach antworten!)<\/span><\/p>\n<h1 style=\"text-align: left;\"><span style=\"font-family: &quot;Lucida Sans Unicode&quot;, &quot;Lucida Grande&quot;, sans-serif; font-weight: 400;\"><span><span><em><span style=\"font-size: 23px;\">Johannes Knechtges<\/span><\/em><\/span><\/span><\/span><span style=\"font-family: &quot;Playfair Display&quot;; font-weight: 400;\"><span><span>&nbsp;<\/span><\/span><\/span><span style=\"font-family: &quot;Playfair Display&quot;;\"><span><span style=\"color: rgb(119, 113, 113);\">&#8211;&nbsp;<\/span><\/span><\/span><span style=\"font-family: Hind;\"><span><span style=\"color: rgb(119, 113, 113);\">Gitarrist &amp; Gitarrenlehrer<\/span><\/span><\/span><\/h1>\n","protected":false},"excerpt":{"rendered":"<p>Vergiss alles, was du je \u00fcber Talent geh\u00f6rt&nbsp;hast. Nachdem du mit diesen Anf\u00e4ngerlektionen&nbsp;ge\u00fcbt&nbsp;hast, wirst du Gitarre spielen k\u00f6nnen! Hol dir jetzt \ufeffdeinen\ufeff kostenlosen Anf\u00e4ngerkurs f\u00fcr Gitarre! Mit dem Absenden des Kontaktformulars stimmst du der Verarbeitung deiner Daten durch uns zu. Bitte beachte unsere Datenschutzbestimmungen. &#8222; Wusstest du, dass mittlerweile schon \u00fcber 20.000 Leute mit diesem [&hellip;]<\/p>\n","protected":false},"author":2,"featured_media":0,"parent":0,"menu_order":0,"comment_status":"closed","ping_status":"closed","template":"","meta":{"jetpack_post_was_ever_published":false,"footnotes":""},"jetpack_sharing_enabled":true,"jetpack_shortlink":"https:\/\/wp.me\/Paeu6y-f","_links":{"self":[{"href":"https:\/\/legacy.werdemusiker.de\/gitarre\/wp-json\/wp\/v2\/pages\/15"}],"collection":[{"href":"https:\/\/legacy.werdemusiker.de\/gitarre\/wp-json\/wp\/v2\/pages"}],"about":[{"href":"https:\/\/legacy.werdemusiker.de\/gitarre\/wp-json\/wp\/v2\/types\/page"}],"author":[{"embeddable":true,"href":"https:\/\/legacy.werdemusiker.de\/gitarre\/wp-json\/wp\/v2\/users\/2"}],"replies":[{"embeddable":true,"href":"https:\/\/legacy.werdemusiker.de\/gitarre\/wp-json\/wp\/v2\/comments?post=15"}],"version-history":[{"count":30,"href":"https:\/\/legacy.werdemusiker.de\/gitarre\/wp-json\/wp\/v2\/pages\/15\/revisions"}],"predecessor-version":[{"id":625,"href":"https:\/\/legacy.werdemusiker.de\/gitarre\/wp-json\/wp\/v2\/pages\/15\/revisions\/625"}],"wp:attachment":[{"href":"https:\/\/legacy.werdemusiker.de\/gitarre\/wp-json\/wp\/v2\/media?parent=15"}],"curies":[{"name":"wp","href":"https:\/\/api.w.org\/{rel}","templated":true}]}}