{"id":2,"date":"2016-09-11T03:37:58","date_gmt":"2016-09-11T03:37:58","guid":{"rendered":"http:\/\/www.werdemusiker.de\/gitarre\/?page_id=2"},"modified":"2024-05-02T17:09:55","modified_gmt":"2024-05-02T17:09:55","slug":"about","status":"publish","type":"page","link":"https:\/\/legacy.werdemusiker.de\/gitarre\/","title":{"rendered":"Home"},"content":{"rendered":"<p style=\"font-size: 28px;\">Der sch\u00f6nste Weg Gitarre spielen zu lernen<span style=\"font-size: 22px;\">\u2022 mehr als 15.000 zufriedene Nutzer\u2022 mehr als 200.000 monatliche Youtube Nutzer\u2022 Die umfangreichste Sammlung deutschsprachiger Musiklernvideos<\/span><\/p>\n<p data-unit=\"px\" style=\"line-height: 30px; margin-top: 20px !important; padding-top: 0px !important; padding-bottom: 0px !important; margin-bottom: 0px !important;\"><span style=\"font-size: 28px;\">Spa\u00df und dauerhafte Motivation<\/span><\/p>\n<p style=\"font-size: 14px; margin-top: 0px !important; padding-top: 0px !important; padding-bottom: 0px !important; margin-bottom: 0px !important;\">Zwei Dinge, die jeder Gitarrensch\u00fcler ben\u00f6tigt: Spa\u00df und Motivation stehen ganz oben bei allen Unterrichtsmaterialien von werdemusiker.<\/p>\n<p data-unit=\"px\" style=\"line-height: 30px; margin-top: 70px !important; margin-bottom: 0px !important;\"><span style=\"font-size: 26px;\">Pers\u00f6nlicher Unterricht direkt vom sympathischen Gitarrenlehrer<\/span><\/p>\n<p data-unit=\"px\" style=\"\">In seinem jungen Alter blickt Johannes Knechtges auf viele hundert Auftritte zur\u00fcck. Wettbewerbsgewinne mit seiner Band LENDGOLD, Auftritte in der VELTINS Arena Gelsenkirchen und der LANXESS Arena K\u00f6ln.Er kennt die Studios der ganz Gro\u00dfen von innen, produzierte auch in den Abbey Roads Studios und machte mit seinem Kollegen Thomas die wichtigsten Studios in Hollywood unsicher.Erlebe Gitarrenunterricht ganz neu mit spannenden Einfl\u00fcssen aus dem Leben eines Musikers und des Musikgesch\u00e4fts. Trotzdem wirkt es so als w\u00e4re Hannes bei dir zu Hause und nur f\u00fcr dich da. Und wenn du eine Frage hast, schreibst du ihm einfach eine Mail.<\/p>\n<p><span><a href=\"https:\/\/legacy.werdemusiker.de\/gitarre\/wp-content\/uploads\/2016\/09\/Hannes-1.png\"><img decoding=\"async\" alt=\"\" src=\"https:\/\/legacy.werdemusiker.de\/gitarre\/wp-content\/uploads\/2016\/09\/Hannes-1.png\" style=\"padding-left: 80px !important; padding-bottom: 0px !important; aspect-ratio: auto 1856 \/ 1856;\" width=\"100\" height=\"20\" scale=\"0\" data-width=\"100\" data-height=\"20\" data-init-width=\"1856\" data-init-height=\"1856\" data-id=\"64\" title=\"hannes\" loading=\"lazy\" data-link-wrap=\"true\"><\/a><\/span><\/p>\n<p data-unit=\"px\" style=\"color: rgb(255, 255, 255); font-size: 28px; line-height: 30px; margin-bottom: 0px !important; margin-top: 0px !important; padding-top: 0px !important;\"><span style=\"font-size: 12px;\"><\/span>Die umfangreichste&nbsp;Sammlung deutschsprachiger Musiklernvideos<\/p>\n<p data-unit=\"px\" style=\"color: rgb(255, 255, 255); font-size: 28px; line-height: 19px; margin-bottom: 0px !important; margin-top: 0px !important; padding-top: 0px !important;\"><span style=\"font-size: 12px;\"><span style=\"font-size: 14px;\">Bei werdemusiker \ufefffindest\ufeff \ufeffdu\ufeff die umfangreichste Sammlung deutschsprachiger Musiklernvideos. Unterrichtsmaterialen zu allen erdenklichen Bereichen des Musikunterrichts und alles was du zum Spielen deiner Lieblingssongs \ufeffbrauchst\ufeff: Akkorde, Rhythmus\u00fcbungen,&nbsp;Geh\u00f6rbildung, Tabs, Noten, Harmonielehre, Tipps zu Instrumenten und Einstellen deines Gitarrenverst\u00e4rkers und&nbsp;vieles&nbsp;mehr&#8230;&nbsp;<\/span><\/span><\/p>\n<p><span><a href=\"https:\/\/legacy.werdemusiker.de\/gitarre\/wp-content\/uploads\/2016\/09\/Ipad_phone-1.png\"><img loading=\"lazy\" decoding=\"async\" alt=\"\" src=\"https:\/\/legacy.werdemusiker.de\/gitarre\/wp-content\/uploads\/2016\/09\/Ipad_phone-1.png\" style=\"padding: 50px 0px 0px !important; aspect-ratio: auto 1856 \/ 1144;\" width=\"654\" height=\"453\" scale=\"0\" data-width=\"654\" data-height=\"453\" data-init-width=\"1856\" data-init-height=\"1144\" data-id=\"77\" title=\"ipad_phone\" data-link-wrap=\"true\"><\/a><\/span><\/p>\n<p style=\"color: rgb(255, 255, 255); margin-bottom: 0px !important; padding-bottom: 0px !important;\"><span style=\"font-size: 28px;\">Nichts ist so, wie Kurse von werdemusiker.de<\/span><span style=\"font-size: 14px;\">Es ist nie der richtige Zeitpunkt um anzufangen Gitarre \ufeffspielen\ufeff zu lernen. Erf\u00fclle die jetzt deinen Traum und fang schon gleich mit deinen ersten toll klingenden T\u00f6nen an.<\/span><\/p>\n","protected":false},"excerpt":{"rendered":"<p>Der sch\u00f6nste Weg Gitarre spielen zu lernen\u2022 mehr als 15.000 zufriedene Nutzer\u2022 mehr als 200.000 monatliche Youtube Nutzer\u2022 Die umfangreichste Sammlung deutschsprachiger Musiklernvideos Spa\u00df und dauerhafte Motivation Zwei Dinge, die jeder Gitarrensch\u00fcler ben\u00f6tigt: Spa\u00df und Motivation stehen ganz oben bei allen Unterrichtsmaterialien von werdemusiker. Pers\u00f6nlicher Unterricht direkt vom sympathischen Gitarrenlehrer In seinem jungen Alter blickt [&hellip;]<\/p>\n","protected":false},"author":1,"featured_media":0,"parent":0,"menu_order":0,"comment_status":"open","ping_status":"open","template":"","meta":{"jetpack_post_was_ever_published":false,"footnotes":""},"jetpack_sharing_enabled":true,"jetpack_shortlink":"https:\/\/wp.me\/Paeu6y-2","_links":{"self":[{"href":"https:\/\/legacy.werdemusiker.de\/gitarre\/wp-json\/wp\/v2\/pages\/2"}],"collection":[{"href":"https:\/\/legacy.werdemusiker.de\/gitarre\/wp-json\/wp\/v2\/pages"}],"about":[{"href":"https:\/\/legacy.werdemusiker.de\/gitarre\/wp-json\/wp\/v2\/types\/page"}],"author":[{"embeddable":true,"href":"https:\/\/legacy.werdemusiker.de\/gitarre\/wp-json\/wp\/v2\/users\/1"}],"replies":[{"embeddable":true,"href":"https:\/\/legacy.werdemusiker.de\/gitarre\/wp-json\/wp\/v2\/comments?post=2"}],"version-history":[{"count":98,"href":"https:\/\/legacy.werdemusiker.de\/gitarre\/wp-json\/wp\/v2\/pages\/2\/revisions"}],"predecessor-version":[{"id":610,"href":"https:\/\/legacy.werdemusiker.de\/gitarre\/wp-json\/wp\/v2\/pages\/2\/revisions\/610"}],"wp:attachment":[{"href":"https:\/\/legacy.werdemusiker.de\/gitarre\/wp-json\/wp\/v2\/media?parent=2"}],"curies":[{"name":"wp","href":"https:\/\/api.w.org\/{rel}","templated":true}]}}