{"id":358,"date":"2020-06-22T09:17:39","date_gmt":"2020-06-22T09:17:39","guid":{"rendered":"https:\/\/www.werdemusiker.de\/gitarre\/?page_id=358"},"modified":"2021-07-28T12:37:04","modified_gmt":"2021-07-28T12:37:04","slug":"kostenloser-soli-crashkurs","status":"publish","type":"page","link":"https:\/\/legacy.werdemusiker.de\/gitarre\/kostenloser-soli-crashkurs\/","title":{"rendered":"Kostenloser Soli Crashkurs"},"content":{"rendered":"<p><span><a href=\"https:\/\/www.legacy.werdemusiker.de\/gitarre\/wp-content\/uploads\/2020\/06\/WMG-Logo-werdemusiker_1000px_wei\u00df.png\"><img loading=\"lazy\" decoding=\"async\" alt=\"\" data-id=\"382\" width=\"1000\" height=\"449\" title=\"WMG Logo werdemusiker_1000px_wei\u00df\" src=\"https:\/\/www.legacy.werdemusiker.de\/gitarre\/wp-content\/uploads\/2020\/06\/WMG-Logo-werdemusiker_1000px_wei\u00df.png\"><\/a><\/span><\/p>\n<p data-unit=\"px\" style=\"color: rgb(119, 22, 31); padding-top: 0px !important; margin-bottom: 10px !important;\"><span style=\"font-size: 32px;\"><span style=\"color: rgb(255, 255, 255);\">Vergiss alles, was du je \u00fcber Talent geh\u00f6rt hast. Nachdem du mit diesen Lektionen f\u00fcr Fortgeschrittene ge\u00fcbt hast, wirst du&nbsp;<\/span><\/span><span style=\"font-size: 32px;\"><span style=\"color: rgb(255, 255, 255);\"><\/span><\/span><span style=\"font-size: 32px;\"><span style=\"color: rgb(255, 255, 255);\">gro\u00dfartige Soli auf deiner Gitarre spielen k\u00f6nnen!<\/span><\/span><\/p>\n<p><span>Hol dir jetzt \ufeffdeinen\ufeff kostenlosen Kurs f\u00fcr Fortgeschrittene auf der Gitarre!<\/span><\/p>\n<p><span><a href=\"https:\/\/www.legacy.werdemusiker.de\/gitarre\/wp-content\/uploads\/2020\/06\/WMG-Soli-Crashkurs_3D-f\u00fcr-Webseite_2.png\"><img loading=\"lazy\" decoding=\"async\" alt=\"\" style=\"\" src=\"https:\/\/www.legacy.werdemusiker.de\/gitarre\/wp-content\/uploads\/2020\/06\/WMG-Soli-Crashkurs_3D-f\u00fcr-Webseite_2.png\" width=\"400\" height=\"500\" scale=\"0\" data-id=\"380\" title=\"WMG Soli Crashkurs_3D f\u00fcr Webseite_2\"><\/a><\/span><\/p>\n<p style=\"text-align: center;\">Mit dem Absenden des Kontaktformulars stimmst du der Verarbeitung deiner Daten durch uns zu. Bitte beachte unsere Datenschutzbestimmungen.<\/p>\n<p><span style=\"color: rgb(200, 200, 200);\"><span style=\"font-size: 66px;\">\u201c<\/span><\/span><\/p>\n<p><em>Wusstest du, dass mittlerweile schon \u00fcber 140.000 Leute mit meinen Kursen Gitarre spielen lernen?Ich freue mich, wenn auch du heute dazu kommst. Es warten eine Menge Gleichgesinnter auf dich und wenn du mal eine Frage hast, schickst du mir einfach eine Mail (du kannst auf jede Mail von mir direkt antworten!)Viel Spa\u00df \ud83d\ude09<\/em><\/p>\n<p style=\"\"><strong><span style=\"\"><strong>&nbsp; &nbsp; &nbsp; &nbsp; &nbsp; &nbsp; &nbsp; Johannes Knechtges,<\/strong> <\/span><\/strong><span style=\"\">Gitarrist &amp; Gitarrenlehrer<\/span><\/p>\n<p><span style=\"width: 100%;\"><a href=\"https:\/\/www.legacy.werdemusiker.de\/gitarre\/wp-content\/uploads\/2020\/06\/Hannes_rund_klein.png\"><img loading=\"lazy\" decoding=\"async\" alt=\"\" width=\"1077\" height=\"1057\" title=\"Hannes_rund_klein\" data-id=\"386\" src=\"https:\/\/www.legacy.werdemusiker.de\/gitarre\/wp-content\/uploads\/2020\/06\/Hannes_rund_klein.png\" style=\"\"><\/a><\/span><\/p>\n","protected":false},"excerpt":{"rendered":"<p>Vergiss alles, was du je \u00fcber Talent geh\u00f6rt hast. Nachdem du mit diesen Lektionen f\u00fcr Fortgeschrittene ge\u00fcbt hast, wirst du&nbsp;gro\u00dfartige Soli auf deiner Gitarre spielen k\u00f6nnen! Hol dir jetzt \ufeffdeinen\ufeff kostenlosen Kurs f\u00fcr Fortgeschrittene auf der Gitarre! Mit dem Absenden des Kontaktformulars stimmst du der Verarbeitung deiner Daten durch uns zu. Bitte beachte unsere Datenschutzbestimmungen. [&hellip;]<\/p>\n","protected":false},"author":1,"featured_media":0,"parent":0,"menu_order":0,"comment_status":"closed","ping_status":"closed","template":"landing-page.php","meta":{"jetpack_post_was_ever_published":false,"footnotes":""},"jetpack_sharing_enabled":true,"jetpack_shortlink":"https:\/\/wp.me\/Paeu6y-5M","_links":{"self":[{"href":"https:\/\/legacy.werdemusiker.de\/gitarre\/wp-json\/wp\/v2\/pages\/358"}],"collection":[{"href":"https:\/\/legacy.werdemusiker.de\/gitarre\/wp-json\/wp\/v2\/pages"}],"about":[{"href":"https:\/\/legacy.werdemusiker.de\/gitarre\/wp-json\/wp\/v2\/types\/page"}],"author":[{"embeddable":true,"href":"https:\/\/legacy.werdemusiker.de\/gitarre\/wp-json\/wp\/v2\/users\/1"}],"replies":[{"embeddable":true,"href":"https:\/\/legacy.werdemusiker.de\/gitarre\/wp-json\/wp\/v2\/comments?post=358"}],"version-history":[{"count":20,"href":"https:\/\/legacy.werdemusiker.de\/gitarre\/wp-json\/wp\/v2\/pages\/358\/revisions"}],"predecessor-version":[{"id":433,"href":"https:\/\/legacy.werdemusiker.de\/gitarre\/wp-json\/wp\/v2\/pages\/358\/revisions\/433"}],"wp:attachment":[{"href":"https:\/\/legacy.werdemusiker.de\/gitarre\/wp-json\/wp\/v2\/media?parent=358"}],"curies":[{"name":"wp","href":"https:\/\/api.w.org\/{rel}","templated":true}]}}